{"id":3916,"date":"2022-05-17T12:48:27","date_gmt":"2022-05-17T10:48:27","guid":{"rendered":"https:\/\/www.holthausadvies.nl\/team\/rick-schaminee\/"},"modified":"2024-02-22T11:57:33","modified_gmt":"2024-02-22T10:57:33","slug":"rick-schaminee","status":"publish","type":"page","link":"https:\/\/www.holthausadvies.nl\/en\/team\/rick-schaminee\/","title":{"rendered":"Rick Schamin\u00e9e"},"content":{"rendered":"<p><div id=\"thz-section-holder-sd90a6dc6\" class=\"thz-section-holder section-notcontained none\" data-view-brightness=\"none\">\r\n\t<section class=\"thz-section thz-flex-section-eh\">\r\n\t\t<div class=\"thz-section-in\">\r\n\t\t\t\t\t<div class=\"thz-container content-notcontained\">\r\n\t\t\t\t<div class=\"thz-row\">\r\n\t<div id=\"thz-column-cd82138b9\" class=\"thz-column thz-col-2-5 fcenter\">\r\n\t<div class=\"thz-column-container\">\r\n        <div class=\"thz-column-in\">\r\n                        <div class=\"thz-column-shortcodes\">\t\r\n                <div id=\"thz-icon-2218a397\" class=\"thz-shc thz-icon-2218a397 thz-icon-holder thz-icon-link thz-icon-align-center\"><a class=\"thz-icon-link\" href=\"\/\"><i class=\"thz-image-icon\"><img loading=\"lazy\" decoding=\"async\" src=\"\/\/www.holthausadvies.nl\/wp-content\/uploads\/2019\/05\/holthaus_logo.png\" width=\"150\" height=\"150\" alt=\"holthaus_logo\" \/><\/i><\/a><\/div>            <\/div>\r\n                                            <\/div>\r\n    <\/div>\r\n<\/div><div id=\"thz-column-c7f322700\" class=\"thz-column thz-col-3-5 fend\">\r\n\t<div class=\"thz-column-container\">\r\n        <div class=\"thz-column-in\">\r\n                        <div class=\"thz-column-shortcodes\">\t\r\n                <div id=\"thz-sh-2f01f0ea\" class=\"thz-shc thz-heading thz-sh-2f01f0ea thz-sh-plain thz-sh-pos-both\">\r\n\t<div class=\"thz-heading-holder\">\r\n\t\t\t\t<h1 class=\"thz-heading-title\">Maatschappelijk bewust<\/h1>\t\t\t<\/div>\r\n<\/div>            <\/div>\r\n                                            <\/div>\r\n    <\/div>\r\n<\/div><\/div>\t\t\t<\/div>\r\n\t\t\t\t<\/div>\r\n\t\t\t\t<\/section>\r\n<\/div>\r\n<div id=\"thz-section-holder-s34582df9\" class=\"thz-section-holder section-notcontained none\" data-view-brightness=\"none\">\r\n\t<section class=\"thz-section thz-flex-section-eh\">\r\n\t\t<div class=\"thz-section-in\">\r\n\t\t\t\t\t<div class=\"thz-container content-notcontained\">\r\n\t\t\t\t<div class=\"thz-row\">\r\n\t<div id=\"thz-column-c899f2289\" class=\"thz-column thz-col-2-5 fstart\">\r\n\t<div class=\"thz-column-container\">\r\n        <div class=\"thz-column-in\">\r\n                        <div class=\"thz-column-shortcodes\">\t\r\n                <div id=\"thz-media-image-480bfcc7\" class=\"thz-shc thz-media-image-container thz-media-mode-none\"><div class=\"thz-media-item thz-media-item-image\"><div class=\"thz-media-image-ratio thz-media-custom-size\"><div class=\"thz-ratio-in\"><div class=\"thz-hover thz-hover-img-mask \" style=\"background-image:url(https:\/\/www.holthausadvies.nl\/wp-content\/uploads\/2024\/02\/Rick-1.jpg);\"><\/div><\/div><\/div><\/div><\/div>            <\/div>\r\n                                            <\/div>\r\n    <\/div>\r\n<\/div><div id=\"thz-column-cedd483c6\" class=\"thz-column thz-col-3-5 fstart\">\r\n\t<div class=\"thz-column-container\">\r\n        <div class=\"thz-column-in\">\r\n                        <div class=\"thz-column-shortcodes\">\t\r\n                <div id=\"thz-sh-244e89f4\" class=\"thz-shc thz-heading thz-sh-244e89f4 thz-sh-plain thz-sh-pos-both\">\r\n\t<div class=\"thz-heading-holder\">\r\n\t\t\t\t<h2 class=\"thz-heading-title\">Rick Schamin\u00e9e BSc<\/h2><div class=\"thz-sh-sub\"><p>Accountmanager<\/p><\/div>\t\t\t<\/div>\r\n<\/div><div id=\"thz-text-block-622166c7\" class=\"thz-shc thz-text-block\"><p>Financial unburdening, that is what account manager Rick Schamin\u00e9e likes best. \"Receiving a blue envelope remains daunting for many people. I explain tax matters simplistically and see where there are benefits to be gained,\" Rick says with a smile on his face.<\/p><p>Before joining Holthaus, he worked at an accounting firm in Nijmegen. The big city, working for a fast-growing, dynamic company with short lines of communication, personal customer contact and social commitment attracted him to Holthaus. \"I learn a lot from the entrepreneurial spirit of my clients, from the expertise of my colleagues and from the way Holthaus assists refugees with the Account Your Future project.\"<\/p><p>Outside of work, you can find Rick in town or on the tennis or padel court. Continuously deepening his tax knowledge is his drive: \"In the future, I want to become a Registered Tax Advisor to serve my clients even better.\"<\/p><p>&nbsp;<\/p><\/div>            <\/div>\r\n                                            <\/div>\r\n    <\/div>\r\n<\/div><\/div>\t\t\t<\/div>\r\n\t\t\t\t<\/div>\r\n\t\t\t\t<\/section>\r\n<\/div>\r\n<\/p>\n","protected":false},"excerpt":{"rendered":"<p>Maatschappelijk bewust Rick Schamin\u00e9e BScAccountmanager Financial unburdening, that is what account manager Rick Schamin\u00e9e likes best. &#8220;Receiving a blue envelope remains daunting for many people. I explain tax matters simplistically and see where there are benefits to be gained,&#8221; Rick says with a smile on his face.Before joining Holthaus, he worked at an accounting firm in Nijmegen. The big city, working for a fast-growing, dynamic company with short lines of communication, personal customer contact and social commitment attracted him to Holthaus. &#8220;I learn a lot from the entrepreneurial spirit of my clients, from the expertise of my colleagues and from the way Holthaus assists refugees with the Account Your Future project.&#8221;Outside of work, you can find Rick in town or on the tennis or padel court. Continuously deepening his tax knowledge is his drive: &#8220;In the future, I want to become a Registered Tax Advisor to serve my clients even better.&#8221;&nbsp;<\/p>\n","protected":false},"author":2,"featured_media":0,"parent":801,"menu_order":0,"comment_status":"closed","ping_status":"closed","template":"template-parts\/page-builder.php","meta":{"footnotes":""},"tags":[],"class_list":["post-3916","page","type-page","status-publish","hentry"],"yoast_head":"<!-- This site is optimized with the Yoast SEO plugin v27.4 - https:\/\/yoast.com\/product\/yoast-seo-wordpress\/ -->\n<title>Rick Schamin\u00e9e - Holthaus<\/title>\n<meta name=\"robots\" content=\"index, follow, max-snippet:-1, max-image-preview:large, max-video-preview:-1\" \/>\n<link rel=\"canonical\" href=\"https:\/\/www.holthausadvies.nl\/en\/team\/rick-schaminee\/\" \/>\n<meta property=\"og:locale\" content=\"en_US\" \/>\n<meta property=\"og:type\" content=\"article\" \/>\n<meta property=\"og:title\" content=\"Rick Schamin\u00e9e - Holthaus\" \/>\n<meta property=\"og:description\" content=\"Maatschappelijk bewust Rick Schamin\u00e9e BScAccountmanager Financial unburdening, that is what account manager Rick Schamin\u00e9e likes best. &quot;Receiving a blue envelope remains daunting for many people. I explain tax matters simplistically and see where there are benefits to be gained,&quot; Rick says with a smile on his face.Before joining Holthaus, he worked at an accounting firm in Nijmegen. The big city, working for a fast-growing, dynamic company with short lines of communication, personal customer contact and social commitment attracted him to Holthaus. &quot;I learn a lot from the entrepreneurial spirit of my clients, from the expertise of my colleagues and from the way Holthaus assists refugees with the Account Your Future project.&quot;Outside of work, you can find Rick in town or on the tennis or padel court. Continuously deepening his tax knowledge is his drive: &quot;In the future, I want to become a Registered Tax Advisor to serve my clients even better.&quot;&nbsp;\" \/>\n<meta property=\"og:url\" content=\"https:\/\/www.holthausadvies.nl\/en\/team\/rick-schaminee\/\" \/>\n<meta property=\"og:site_name\" content=\"Holthaus\" \/>\n<meta property=\"article:modified_time\" content=\"2024-02-22T10:57:33+00:00\" \/>\n<meta name=\"twitter:card\" content=\"summary_large_image\" \/>\n<meta name=\"twitter:label1\" content=\"Est. reading time\" \/>\n\t<meta name=\"twitter:data1\" content=\"1 minute\" \/>\n<script type=\"application\/ld+json\" class=\"yoast-schema-graph\">{\"@context\":\"https:\\\/\\\/schema.org\",\"@graph\":[{\"@type\":\"WebPage\",\"@id\":\"https:\\\/\\\/www.holthausadvies.nl\\\/en\\\/team\\\/rick-schaminee\\\/\",\"url\":\"https:\\\/\\\/www.holthausadvies.nl\\\/en\\\/team\\\/rick-schaminee\\\/\",\"name\":\"Rick Schamin\u00e9e - Holthaus\",\"isPartOf\":{\"@id\":\"https:\\\/\\\/www.holthausadvies.nl\\\/#website\"},\"datePublished\":\"2022-05-17T10:48:27+00:00\",\"dateModified\":\"2024-02-22T10:57:33+00:00\",\"breadcrumb\":{\"@id\":\"https:\\\/\\\/www.holthausadvies.nl\\\/en\\\/team\\\/rick-schaminee\\\/#breadcrumb\"},\"inLanguage\":\"en-US\",\"potentialAction\":[{\"@type\":\"ReadAction\",\"target\":[\"https:\\\/\\\/www.holthausadvies.nl\\\/en\\\/team\\\/rick-schaminee\\\/\"]}]},{\"@type\":\"BreadcrumbList\",\"@id\":\"https:\\\/\\\/www.holthausadvies.nl\\\/en\\\/team\\\/rick-schaminee\\\/#breadcrumb\",\"itemListElement\":[{\"@type\":\"ListItem\",\"position\":1,\"name\":\"Home\",\"item\":\"https:\\\/\\\/www.holthausadvies.nl\\\/en\\\/\"},{\"@type\":\"ListItem\",\"position\":2,\"name\":\"Team\",\"item\":\"https:\\\/\\\/www.holthausadvies.nl\\\/en\\\/team\\\/\"},{\"@type\":\"ListItem\",\"position\":3,\"name\":\"Rick Schamin\u00e9e\"}]},{\"@type\":\"WebSite\",\"@id\":\"https:\\\/\\\/www.holthausadvies.nl\\\/#website\",\"url\":\"https:\\\/\\\/www.holthausadvies.nl\\\/\",\"name\":\"Holthaus\",\"description\":\"\",\"potentialAction\":[{\"@type\":\"SearchAction\",\"target\":{\"@type\":\"EntryPoint\",\"urlTemplate\":\"https:\\\/\\\/www.holthausadvies.nl\\\/?s={search_term_string}\"},\"query-input\":{\"@type\":\"PropertyValueSpecification\",\"valueRequired\":true,\"valueName\":\"search_term_string\"}}],\"inLanguage\":\"en-US\"}]}<\/script>\n<!-- \/ Yoast SEO plugin. -->","yoast_head_json":{"title":"Rick Schamin\u00e9e - Holthaus","robots":{"index":"index","follow":"follow","max-snippet":"max-snippet:-1","max-image-preview":"max-image-preview:large","max-video-preview":"max-video-preview:-1"},"canonical":"https:\/\/www.holthausadvies.nl\/en\/team\/rick-schaminee\/","og_locale":"en_US","og_type":"article","og_title":"Rick Schamin\u00e9e - Holthaus","og_description":"Maatschappelijk bewust Rick Schamin\u00e9e BScAccountmanager Financial unburdening, that is what account manager Rick Schamin\u00e9e likes best. \"Receiving a blue envelope remains daunting for many people. I explain tax matters simplistically and see where there are benefits to be gained,\" Rick says with a smile on his face.Before joining Holthaus, he worked at an accounting firm in Nijmegen. The big city, working for a fast-growing, dynamic company with short lines of communication, personal customer contact and social commitment attracted him to Holthaus. \"I learn a lot from the entrepreneurial spirit of my clients, from the expertise of my colleagues and from the way Holthaus assists refugees with the Account Your Future project.\"Outside of work, you can find Rick in town or on the tennis or padel court. Continuously deepening his tax knowledge is his drive: \"In the future, I want to become a Registered Tax Advisor to serve my clients even better.\"&nbsp;","og_url":"https:\/\/www.holthausadvies.nl\/en\/team\/rick-schaminee\/","og_site_name":"Holthaus","article_modified_time":"2024-02-22T10:57:33+00:00","twitter_card":"summary_large_image","twitter_misc":{"Est. reading time":"1 minute"},"schema":{"@context":"https:\/\/schema.org","@graph":[{"@type":"WebPage","@id":"https:\/\/www.holthausadvies.nl\/en\/team\/rick-schaminee\/","url":"https:\/\/www.holthausadvies.nl\/en\/team\/rick-schaminee\/","name":"Rick Schamin\u00e9e - Holthaus","isPartOf":{"@id":"https:\/\/www.holthausadvies.nl\/#website"},"datePublished":"2022-05-17T10:48:27+00:00","dateModified":"2024-02-22T10:57:33+00:00","breadcrumb":{"@id":"https:\/\/www.holthausadvies.nl\/en\/team\/rick-schaminee\/#breadcrumb"},"inLanguage":"en-US","potentialAction":[{"@type":"ReadAction","target":["https:\/\/www.holthausadvies.nl\/en\/team\/rick-schaminee\/"]}]},{"@type":"BreadcrumbList","@id":"https:\/\/www.holthausadvies.nl\/en\/team\/rick-schaminee\/#breadcrumb","itemListElement":[{"@type":"ListItem","position":1,"name":"Home","item":"https:\/\/www.holthausadvies.nl\/en\/"},{"@type":"ListItem","position":2,"name":"Team","item":"https:\/\/www.holthausadvies.nl\/en\/team\/"},{"@type":"ListItem","position":3,"name":"Rick Schamin\u00e9e"}]},{"@type":"WebSite","@id":"https:\/\/www.holthausadvies.nl\/#website","url":"https:\/\/www.holthausadvies.nl\/","name":"Holthaus","description":"","potentialAction":[{"@type":"SearchAction","target":{"@type":"EntryPoint","urlTemplate":"https:\/\/www.holthausadvies.nl\/?s={search_term_string}"},"query-input":{"@type":"PropertyValueSpecification","valueRequired":true,"valueName":"search_term_string"}}],"inLanguage":"en-US"}]}},"_links":{"self":[{"href":"https:\/\/www.holthausadvies.nl\/en\/wp-json\/wp\/v2\/pages\/3916","targetHints":{"allow":["GET"]}}],"collection":[{"href":"https:\/\/www.holthausadvies.nl\/en\/wp-json\/wp\/v2\/pages"}],"about":[{"href":"https:\/\/www.holthausadvies.nl\/en\/wp-json\/wp\/v2\/types\/page"}],"author":[{"embeddable":true,"href":"https:\/\/www.holthausadvies.nl\/en\/wp-json\/wp\/v2\/users\/2"}],"replies":[{"embeddable":true,"href":"https:\/\/www.holthausadvies.nl\/en\/wp-json\/wp\/v2\/comments?post=3916"}],"version-history":[{"count":2,"href":"https:\/\/www.holthausadvies.nl\/en\/wp-json\/wp\/v2\/pages\/3916\/revisions"}],"predecessor-version":[{"id":3921,"href":"https:\/\/www.holthausadvies.nl\/en\/wp-json\/wp\/v2\/pages\/3916\/revisions\/3921"}],"up":[{"embeddable":true,"href":"https:\/\/www.holthausadvies.nl\/en\/wp-json\/wp\/v2\/pages\/801"}],"wp:attachment":[{"href":"https:\/\/www.holthausadvies.nl\/en\/wp-json\/wp\/v2\/media?parent=3916"}],"wp:term":[{"taxonomy":"post_tag","embeddable":true,"href":"https:\/\/www.holthausadvies.nl\/en\/wp-json\/wp\/v2\/tags?post=3916"}],"curies":[{"name":"wp","href":"https:\/\/api.w.org\/{rel}","templated":true}]}}